{"id":169,"date":"2016-12-13T20:25:56","date_gmt":"2016-12-13T19:25:56","guid":{"rendered":"http:\/\/q955\/kaktus\/cjenik\/"},"modified":"2016-12-21T18:18:35","modified_gmt":"2016-12-21T17:18:35","slug":"listino-prezzi","status":"publish","type":"page","link":"http:\/\/www.hotel-kaktus.com\/it\/listino-prezzi\/","title":{"rendered":"Listino prezzi"},"content":{"rendered":"<p class=\"text3\">Pensando agli ospiti dell&#8217;Albergo Kaktus otteniamo la nostra reputazione grazie all&#8217;atmosfera domestica che non \u00e8 prodotto di un uomo solo. La pu\u00f2 creare, invece, solo la squadra completa, la quale avviamo verso un&#8217;unica direzione. Il risultato di tutto questo \u00e8 il fatto che ogni ospite che viene nel nostro albergo \u00e8 soddisfattissimo, e chi \u00e8 stato una volta nell&#8217;albergo Kaktus, sicuramente ci ritorner\u00e0 &#8230;<\/p>\n<div class=\"csc-textpic-text\">\n<p>Il prezzo della camera include il soggiorno di un giorno con colazione. Orario di partenza fino alle ore 12.<\/p>\n<p>I prezzi indicati sono per persona al giorno per pernottamenti individuali. I prezzi per gruppi e partner d&#8217;affari si stabiliscono con un contratto.<\/p>\n<p>&nbsp;<\/p>\n<table id=\"Cjenik\" summary=\"Hotel Kaktus\">\n<thead>\n<tr>\n<th scope=\"col\">Camera<\/th>\n<th scope=\"col\">Prezzo (KM)<\/th>\n<th scope=\"col\">Prezzo(\u20ac)<\/th>\n<\/tr>\n<\/thead>\n<tbody>\n<tr>\n<td><span class=\"bold\">Camera standard 1\/1<\/span><\/td>\n<td><span class=\"bold\">80,00 KM<\/span><\/td>\n<td><span class=\"bold\">41,00 \u20ac<\/span><\/td>\n<\/tr>\n<tr>\n<td><span class=\"bold\">Camera standard 1\/2<\/span><\/td>\n<td><span class=\"bold\">120,00 KM<\/span><\/td>\n<td><span class=\"bold\">61,50 \u20ac<\/span><\/td>\n<\/tr>\n<tr>\n<td><span class=\"bold\">Camera business 1\/1<\/span><\/td>\n<td><span class=\"bold\">100,00 KM<\/span><\/td>\n<td><span class=\"bold\">51,00 \u20ac<\/span><\/td>\n<\/tr>\n<tr>\n<td><span class=\"bold\">Camera business 1\/2<\/span><\/td>\n<td><span class=\"bold\">150,00 KM<\/span><\/td>\n<td><span class=\"bold\">77,00 \u20ac<\/span><\/td>\n<\/tr>\n<tr>\n<td><span class=\"bold\">Appartamento VIP 1\/1<\/span><\/td>\n<td><span class=\"bold\">100,00 KM<\/span><\/td>\n<td><span class=\"bold\">51,00 \u20ac<\/span><\/td>\n<\/tr>\n<tr>\n<td><span class=\"bold\">Appartamento VIP 1\/2<\/span><\/td>\n<td><span class=\"bold\">150,00 KM<\/span><\/td>\n<td><span class=\"bold\">77,00 \u20ac<\/span><\/td>\n<\/tr>\n<tr>\n<td><span class=\"bold\">Appartamento Kaktus<\/span><\/td>\n<td><span class=\"bold\">400,00 KM<\/span><\/td>\n<td><span class=\"bold\">205,00 \u20ac<\/span><\/td>\n<\/tr>\n<\/tbody>\n<\/table>\n<\/div>\n<p>&nbsp;<\/p>\n<p>&#8211; L&#8217;Albergo Kaktus mantiene la facolta di modificare i prezzi anche senza il precedente preavviso.<br \/>\n&#8211; I.V.A e inclusa nel prezzo<br \/>\n&#8211; La tassa di soggiorno per persona per giorno pari a 2,00 KM non e compresa nel prezzo<\/p>\n","protected":false},"excerpt":{"rendered":"<p>Pensando agli ospiti dell&#8217;Albergo Kaktus otteniamo la nostra reputazione grazie all&#8217;atmosfera domestica che non \u00e8 prodotto di un uomo solo. <a class=\"read-more\" href=\"http:\/\/www.hotel-kaktus.com\/it\/listino-prezzi\/\"><\/a><\/p>\n","protected":false},"author":1,"featured_media":0,"parent":0,"menu_order":0,"comment_status":"closed","ping_status":"closed","template":"","meta":{"footnotes":""},"class_list":["post-169","page","type-page","status-publish","hentry"],"_links":{"self":[{"href":"http:\/\/www.hotel-kaktus.com\/it\/wp-json\/wp\/v2\/pages\/169","targetHints":{"allow":["GET"]}}],"collection":[{"href":"http:\/\/www.hotel-kaktus.com\/it\/wp-json\/wp\/v2\/pages"}],"about":[{"href":"http:\/\/www.hotel-kaktus.com\/it\/wp-json\/wp\/v2\/types\/page"}],"author":[{"embeddable":true,"href":"http:\/\/www.hotel-kaktus.com\/it\/wp-json\/wp\/v2\/users\/1"}],"replies":[{"embeddable":true,"href":"http:\/\/www.hotel-kaktus.com\/it\/wp-json\/wp\/v2\/comments?post=169"}],"version-history":[{"count":3,"href":"http:\/\/www.hotel-kaktus.com\/it\/wp-json\/wp\/v2\/pages\/169\/revisions"}],"predecessor-version":[{"id":172,"href":"http:\/\/www.hotel-kaktus.com\/it\/wp-json\/wp\/v2\/pages\/169\/revisions\/172"}],"wp:attachment":[{"href":"http:\/\/www.hotel-kaktus.com\/it\/wp-json\/wp\/v2\/media?parent=169"}],"curies":[{"name":"wp","href":"https:\/\/api.w.org\/{rel}","templated":true}]}}