{"id":166,"date":"2016-12-09T20:37:15","date_gmt":"2016-12-09T19:37:15","guid":{"rendered":"http:\/\/q955\/kaktus\/smjestaj\/"},"modified":"2016-12-21T18:56:13","modified_gmt":"2016-12-21T17:56:13","slug":"camere","status":"publish","type":"page","link":"http:\/\/www.hotel-kaktus.com\/it\/camere\/","title":{"rendered":"Camere"},"content":{"rendered":"<p>La camera che con l&#8217;arredamento al massimo livello, i colori caldi, la luminosit\u00e0 e l&#8217;ariosit\u00e0 offre la comodit\u00e0 e l&#8217;atmosfera della propria casa. Il bagno moderno, spazioso e completamente arredato fa di tutto un&#8217;unit\u00e0 perfetta. Non importa se si tratti di un soggiorno breve o lungo, la camera con il suo calore e l&#8217;arredamento moderno offre un soggiorno indimenticabile. I dettagli ed il servizio creati esclusivamente per i nostri ospiti rendono l&#8217;esperienza pi\u00f9 completa.<\/p>\n<p>Si pu\u00f2 desiderare di pi\u00f9?<\/p>\n<div id='gallery-1' class='gallery galleryid-166 gallery-columns-4 gallery-size-thumbnail'><figure class='gallery-item'>\n\t\t\t<div class='gallery-icon landscape'>\n\t\t\t\t<a title=\"Hotel Kaktus - \u010citluk\" href='http:\/\/www.hotel-kaktus.com\/wp-content\/uploads\/2016\/12\/hotel-kaktus5.jpg'><img loading=\"lazy\" decoding=\"async\" width=\"300\" height=\"200\" src=\"http:\/\/www.hotel-kaktus.com\/wp-content\/uploads\/2016\/12\/hotel-kaktus5-300x200.jpg\" class=\"attachment-thumbnail size-thumbnail\" alt=\"Hotel Kaktus - \u010citluk\" srcset=\"http:\/\/www.hotel-kaktus.com\/wp-content\/uploads\/2016\/12\/hotel-kaktus5-300x200.jpg 300w, http:\/\/www.hotel-kaktus.com\/wp-content\/uploads\/2016\/12\/hotel-kaktus5-600x400.jpg 600w, http:\/\/www.hotel-kaktus.com\/wp-content\/uploads\/2016\/12\/hotel-kaktus5-768x512.jpg 768w, http:\/\/www.hotel-kaktus.com\/wp-content\/uploads\/2016\/12\/hotel-kaktus5.jpg 900w\" sizes=\"auto, (max-width: 300px) 100vw, 300px\" \/><\/a>\n\t\t\t<\/div><\/figure><figure class='gallery-item'>\n\t\t\t<div class='gallery-icon landscape'>\n\t\t\t\t<a title=\"Hotel Kaktus - \u010citluk\" href='http:\/\/www.hotel-kaktus.com\/wp-content\/uploads\/2016\/12\/hotel-kaktus7.jpg'><img loading=\"lazy\" decoding=\"async\" width=\"300\" height=\"200\" src=\"http:\/\/www.hotel-kaktus.com\/wp-content\/uploads\/2016\/12\/hotel-kaktus7-300x200.jpg\" class=\"attachment-thumbnail size-thumbnail\" alt=\"Hotel Kaktus - \u010citluk\" srcset=\"http:\/\/www.hotel-kaktus.com\/wp-content\/uploads\/2016\/12\/hotel-kaktus7-300x200.jpg 300w, http:\/\/www.hotel-kaktus.com\/wp-content\/uploads\/2016\/12\/hotel-kaktus7-600x400.jpg 600w, http:\/\/www.hotel-kaktus.com\/wp-content\/uploads\/2016\/12\/hotel-kaktus7-768x512.jpg 768w, http:\/\/www.hotel-kaktus.com\/wp-content\/uploads\/2016\/12\/hotel-kaktus7.jpg 900w\" sizes=\"auto, (max-width: 300px) 100vw, 300px\" \/><\/a>\n\t\t\t<\/div><\/figure><figure class='gallery-item'>\n\t\t\t<div class='gallery-icon landscape'>\n\t\t\t\t<a title=\"Hotel Kaktus - \u010citluk\" href='http:\/\/www.hotel-kaktus.com\/wp-content\/uploads\/2016\/12\/hotel-kaktus8.jpg'><img loading=\"lazy\" decoding=\"async\" width=\"300\" height=\"200\" src=\"http:\/\/www.hotel-kaktus.com\/wp-content\/uploads\/2016\/12\/hotel-kaktus8-300x200.jpg\" class=\"attachment-thumbnail size-thumbnail\" alt=\"Hotel Kaktus - \u010citluk\" srcset=\"http:\/\/www.hotel-kaktus.com\/wp-content\/uploads\/2016\/12\/hotel-kaktus8-300x200.jpg 300w, http:\/\/www.hotel-kaktus.com\/wp-content\/uploads\/2016\/12\/hotel-kaktus8-600x400.jpg 600w, http:\/\/www.hotel-kaktus.com\/wp-content\/uploads\/2016\/12\/hotel-kaktus8-768x512.jpg 768w, http:\/\/www.hotel-kaktus.com\/wp-content\/uploads\/2016\/12\/hotel-kaktus8.jpg 900w\" sizes=\"auto, (max-width: 300px) 100vw, 300px\" \/><\/a>\n\t\t\t<\/div><\/figure><figure class='gallery-item'>\n\t\t\t<div class='gallery-icon landscape'>\n\t\t\t\t<a title=\"Hotel Kaktus - \u010citluk\" href='http:\/\/www.hotel-kaktus.com\/wp-content\/uploads\/2016\/12\/hotel-kaktus9.jpg'><img loading=\"lazy\" decoding=\"async\" width=\"300\" height=\"200\" src=\"http:\/\/www.hotel-kaktus.com\/wp-content\/uploads\/2016\/12\/hotel-kaktus9-300x200.jpg\" class=\"attachment-thumbnail size-thumbnail\" alt=\"Hotel Kaktus - \u010citluk\" srcset=\"http:\/\/www.hotel-kaktus.com\/wp-content\/uploads\/2016\/12\/hotel-kaktus9-300x200.jpg 300w, http:\/\/www.hotel-kaktus.com\/wp-content\/uploads\/2016\/12\/hotel-kaktus9-600x400.jpg 600w, http:\/\/www.hotel-kaktus.com\/wp-content\/uploads\/2016\/12\/hotel-kaktus9-768x512.jpg 768w, http:\/\/www.hotel-kaktus.com\/wp-content\/uploads\/2016\/12\/hotel-kaktus9.jpg 900w\" sizes=\"auto, (max-width: 300px) 100vw, 300px\" \/><\/a>\n\t\t\t<\/div><\/figure>\n\t\t<\/div>\n\n<h2>Dotazione degli appartamenti e delle camere<\/h2>\n<ul>\n<li>Controllo autonomo dell&#8217;aria condizionata<\/li>\n<li>Telefono, connessione internet high speed<\/li>\n<li>Impianti sprinkler e rivelatori di fumo<\/li>\n<li>Sistema elettronico del chiudere a chiave<\/li>\n<li>Mini bar con vasta offerta di bibite e qualcosa da mangiare<\/li>\n<li>Cabina doccia\/WC<\/li>\n<li>Asciugacapelli<\/li>\n<li>Sistema automatico di sveglia telefonica<\/li>\n<li>Servizio in camera<\/li>\n<li>Servizio di lavaggio e di stiro<\/li>\n<li>Cuscini aggiuntivi, coperte da letto ed attrezzi per bambini disponibili su richiesta<\/li>\n<li>Letto aggiuntivo<\/li>\n<\/ul>\n","protected":false},"excerpt":{"rendered":"<p>La camera che con l&#8217;arredamento al massimo livello, i colori caldi, la luminosit\u00e0 e l&#8217;ariosit\u00e0 offre la comodit\u00e0 e l&#8217;atmosfera <a class=\"read-more\" href=\"http:\/\/www.hotel-kaktus.com\/it\/camere\/\"><\/a><\/p>\n","protected":false},"author":1,"featured_media":0,"parent":0,"menu_order":0,"comment_status":"closed","ping_status":"closed","template":"","meta":{"footnotes":""},"class_list":["post-166","page","type-page","status-publish","hentry"],"_links":{"self":[{"href":"http:\/\/www.hotel-kaktus.com\/it\/wp-json\/wp\/v2\/pages\/166","targetHints":{"allow":["GET"]}}],"collection":[{"href":"http:\/\/www.hotel-kaktus.com\/it\/wp-json\/wp\/v2\/pages"}],"about":[{"href":"http:\/\/www.hotel-kaktus.com\/it\/wp-json\/wp\/v2\/types\/page"}],"author":[{"embeddable":true,"href":"http:\/\/www.hotel-kaktus.com\/it\/wp-json\/wp\/v2\/users\/1"}],"replies":[{"embeddable":true,"href":"http:\/\/www.hotel-kaktus.com\/it\/wp-json\/wp\/v2\/comments?post=166"}],"version-history":[{"count":2,"href":"http:\/\/www.hotel-kaktus.com\/it\/wp-json\/wp\/v2\/pages\/166\/revisions"}],"predecessor-version":[{"id":209,"href":"http:\/\/www.hotel-kaktus.com\/it\/wp-json\/wp\/v2\/pages\/166\/revisions\/209"}],"wp:attachment":[{"href":"http:\/\/www.hotel-kaktus.com\/it\/wp-json\/wp\/v2\/media?parent=166"}],"curies":[{"name":"wp","href":"https:\/\/api.w.org\/{rel}","templated":true}]}}